{"id":2,"date":"2018-11-14T17:30:05","date_gmt":"2018-11-14T17:30:05","guid":{"rendered":"https:\/\/kaunobaznycios.kvb.lt\/?page_id=2"},"modified":"2018-11-30T09:50:56","modified_gmt":"2018-11-30T09:50:56","slug":"sample-page","status":"publish","type":"page","link":"https:\/\/kaunobaznycios.azuolynobiblioteka.lt\/?page_id=2","title":{"rendered":"Apie projekt\u0105"},"content":{"rendered":"<p><img loading=\"lazy\" decoding=\"async\" class=\"wp-image-121 alignleft\" src=\"https:\/\/kaunobaznycios.kvb.lt\/wp-content\/uploads\/2018\/11\/kvb-tamsus-512-300x300.jpg\" alt=\"\" width=\"212\" height=\"212\" srcset=\"https:\/\/kaunobaznycios.azuolynobiblioteka.lt\/wp-content\/uploads\/2018\/11\/kvb-tamsus-512-300x300.jpg 300w, https:\/\/kaunobaznycios.azuolynobiblioteka.lt\/wp-content\/uploads\/2018\/11\/kvb-tamsus-512-150x150.jpg 150w, https:\/\/kaunobaznycios.azuolynobiblioteka.lt\/wp-content\/uploads\/2018\/11\/kvb-tamsus-512.jpg 512w\" sizes=\"auto, (max-width: 212px) 100vw, 212px\" \/>Kauno apskrities vie\u0161osios bibliotekos projektas \u201eKauno ba\u017eny\u010dios: miesto tapatumo kodas\u201c \u2013 tai galimyb\u0117 dar kart\u0105 \u012fd\u0117miau pa\u017evelgti \u012f savo miesto \u201eveid\u0105\u201c. Atpa\u017einimo kodu tapo 9 \u017eymiausios Kauno ba\u017eny\u010dios. Kiekviena j\u0173 \u2013 tai \u00a0gyvosios miesto istorijos metra\u0161tis. Besikei\u010dian\u010dios epochos ar politin\u0117s santvarkos palikdavo \u0161ventov\u0117se sav\u0173 p\u0117dsak\u0173, ne tik diding\u0173, bet ir skaud\u017ei\u0173. Nepaisant to, ba\u017eny\u010dios k\u0117l\u0117 \u017emogaus \u017evilgsn\u012f \u012f dang\u0173, teik\u0117 vilties ir tik\u0117jimo i\u0161bandym\u0173 metais, buvo glaud\u017eiai susijusios su miesto ir visos \u0161alies likimu\u2026<\/p>\n<p>Devynias vaizdo istorijas apie Kauno ba\u017eny\u010dias pasakoja \u012fvairi\u0173 istorini\u0173 laikotarpi\u0173 persona\u017eai \u2013 nuo dvasinink\u0173 iki repuojan\u010dio jaunimo.\u00a0 \u0160iuos pasakojimus, kuriuos sudaro \u0161iuolaikini\u0173 dailinink\u0173 sukurtos iliustracijos, filmuota med\u017eiaga, \u012fvairiuose archyvuose saugomi vaizdo \u012fra\u0161ai bei nuotraukos, \u012fgarsino\u00a0 \u017einomi Lietuvos aktoriai,\u00a0 kult\u016bros ir meno \u017emon\u0117s. I\u0161klausius ba\u017eny\u010di\u0173 istorijas, pasitikrinti savo \u017einias galima atsakant \u012f \u010dia pat pateiktus viktorinos klausimus.<\/p>\n<p>Devynios ba\u017eny\u010dios \u2013 devyni pasakojimai apie tai, kas buvo ar gal\u0117jo b\u016bti&#8230;<\/p>\n<div class=\"su-spacer\" style=\"height:15px\"><\/div>\n<hr \/>\n<p><strong>Projekto organizatorius:<\/strong><br \/>\nKauno apskrities vie\u0161oji biblioteka<\/p>\n<p><strong>Projekto vadov\u0117:<\/strong><br \/>\nRimant\u0117 Tamoli\u016bnien\u0117<\/p>\n<p><strong>Projekto r\u0117m\u0117jai:<\/strong><br \/>\nLietuvos kult\u016bros taryba<br \/>\nLietuvos respublikos kult\u016bros ministerija<br \/>\nUAB \u201eKauno \u0161ilas\u201c<br \/>\nUAB \u201eNematekas\u201c<br \/>\nUAB \u201eArx Vitrum\u201c<br \/>\nRadijo stotis \u201eMarijos radijas\u201c<\/p>\n<p><strong>Projekto partneriai:<\/strong><br \/>\nKauno arkivyskupijos kurija<br \/>\nKauno miesto muziejus<\/p>\n<p><strong>Projekto darbo grup\u0117:<\/strong><br \/>\nIeva Birmantait\u0117<br \/>\nVirginija Pladyt\u0117<br \/>\nAlma Skrockait\u0117<br \/>\nAlvydas Surblys<br \/>\nVytaut\u0117 \u0160apokait\u0117-Samul\u0117nien\u0117<br \/>\nRasa Ambraziejien\u0117<\/p>\n<p><strong>Tekst\u0173 redagavimas: <\/strong><br \/>\nNeringa Vai\u010diulien\u0117<\/p>\n<p><strong>Tekst\u0173 \u012fgarsinimas:<\/strong><br \/>\nakt. Liubomiras Laucevi\u010dius<br \/>\nakt. Ridas \u017dirgulis<br \/>\nakt. Jonas \u010cepulis<br \/>\nakt. Ugn\u0117 \u017dirgul\u0117<br \/>\nakt. Egidijus Stancikas<br \/>\nK\u0119stutis Ignatavi\u010dius<br \/>\nDonatas Medzevi\u010dius (Medonas) \u2013 repo atlik\u0117jas<br \/>\nkomp. Deividas Gnedinas \u2013 repo muzika<\/p>\n<p><strong>Iliustracijos:<\/strong><br \/>\nGabriel\u0117 Aleks\u0117<br \/>\nGasparas Aleksa<br \/>\nMargarita Jasilionyt\u0117-Vaicekauskien\u0117<br \/>\nMilda \u0160v\u0117g\u017edait\u0117<\/p>\n<p><strong>Filmuota vaizdo med\u017eiaga:<\/strong><br \/>\nGytis Stu\u010dka<br \/>\nEgl\u0117 ir Vilius Kulikauskai<br \/>\nDalius Ramanauskas<br \/>\nEvaldas Dar\u0161kus<\/p>\n<p><strong>Interaktyvi turinio programa:<\/strong><br \/>\nUAB \u201eTerra media\u201c<\/p>\n<p><strong>\u00a0Archyvine med\u017eiaga pasidalino: <\/strong><br \/>\nKauno regioninis valstyb\u0117s archyvas<br \/>\nKauno arkivyskupijos kurijos archyvas<br \/>\nLietuvos centrinis valstyb\u0117s archyvas<br \/>\nKTU bibliotekos Ret\u0173 knyg\u0173 skyrius<br \/>\nZanavyk\u0173 muziejus<br \/>\nV\u0160\u012e Trak\u0173 kult\u016bros centras<br \/>\nMaironio lietuvi\u0173 literat\u016bros muziejus<br \/>\nMuziejus \u201ePerk\u016bno namas\u201c<br \/>\nKauno \u0161v. Jurgio konvento broliai pranci\u0161konai<br \/>\n\u0160v. arkangelo Mykolo (\u012egulos) ba\u017eny\u010dia<br \/>\nLietuvos \u0161v. Kazimiero seser\u0173 kongregacija<br \/>\n\u0160v. apa\u0161tal\u0173 Petro ir Povilo arkikatedros bazilika<br \/>\nKauno seser\u0173 benediktini\u0173 vienuolynas<br \/>\n\u0160v\u010d. Mergel\u0117s Marijos \u0116mimo \u012f dang\u0173 (Vytauto Did\u017eiojo) ba\u017eny\u010dia<br \/>\nKristaus Prisik\u0117limo bazilika<br \/>\nprof. Stanislovas Sajauskas<br \/>\nAdomas Miliauskas<br \/>\nGiedrius \u010cerniauskas<br \/>\nAntanas Burkus<br \/>\nRam\u016bnas Janulaitis<br \/>\nRomas Vilkelis<br \/>\nRita Dagien\u0117<br \/>\nMarius Jovai\u0161a<br \/>\nDainius Junevi\u010dius<\/p>\n<p><strong>Konsultacijos: <\/strong><br \/>\ndr. Rasa Varsackyt\u0117<br \/>\nK\u0119stutis Demereckas<br \/>\nMindaugas Balkus<br \/>\nprof. Laima \u0160ink\u016bnait\u0117<br \/>\ndr. Mindaugas Paknys<\/p>\n","protected":false},"excerpt":{"rendered":"<p>Kauno apskrities vie\u0161osios bibliotekos projektas \u201eKauno ba\u017eny\u010dios: miesto tapatumo kodas\u201c \u2013 tai galimyb\u0117 dar kart\u0105&#8230;<\/p>\n<div class=\"more-link-wrapper\"><a class=\"more-link\" href=\"https:\/\/kaunobaznycios.azuolynobiblioteka.lt\/?page_id=2\">. . .<span class=\"screen-reader-text\">Apie projekt\u0105<\/span><\/a><\/div>\n","protected":false},"author":1,"featured_media":0,"parent":0,"menu_order":0,"comment_status":"closed","ping_status":"open","template":"","meta":{"om_disable_all_campaigns":false,"_monsterinsights_skip_tracking":false,"_monsterinsights_sitenote_active":false,"_monsterinsights_sitenote_note":"","_monsterinsights_sitenote_category":0,"footnotes":""},"class_list":["post-2","page","type-page","status-publish","hentry","excerpt","zoom","even","excerpt-0"],"aioseo_notices":[],"_links":{"self":[{"href":"https:\/\/kaunobaznycios.azuolynobiblioteka.lt\/index.php?rest_route=\/wp\/v2\/pages\/2","targetHints":{"allow":["GET"]}}],"collection":[{"href":"https:\/\/kaunobaznycios.azuolynobiblioteka.lt\/index.php?rest_route=\/wp\/v2\/pages"}],"about":[{"href":"https:\/\/kaunobaznycios.azuolynobiblioteka.lt\/index.php?rest_route=\/wp\/v2\/types\/page"}],"author":[{"embeddable":true,"href":"https:\/\/kaunobaznycios.azuolynobiblioteka.lt\/index.php?rest_route=\/wp\/v2\/users\/1"}],"replies":[{"embeddable":true,"href":"https:\/\/kaunobaznycios.azuolynobiblioteka.lt\/index.php?rest_route=%2Fwp%2Fv2%2Fcomments&post=2"}],"version-history":[{"count":19,"href":"https:\/\/kaunobaznycios.azuolynobiblioteka.lt\/index.php?rest_route=\/wp\/v2\/pages\/2\/revisions"}],"predecessor-version":[{"id":307,"href":"https:\/\/kaunobaznycios.azuolynobiblioteka.lt\/index.php?rest_route=\/wp\/v2\/pages\/2\/revisions\/307"}],"wp:attachment":[{"href":"https:\/\/kaunobaznycios.azuolynobiblioteka.lt\/index.php?rest_route=%2Fwp%2Fv2%2Fmedia&parent=2"}],"curies":[{"name":"wp","href":"https:\/\/api.w.org\/{rel}","templated":true}]}}